{"id":81,"date":"2020-04-24T15:36:47","date_gmt":"2020-04-24T13:36:47","guid":{"rendered":"http:\/\/c4waste.be\/?page_id=81"},"modified":"2025-01-14T17:20:07","modified_gmt":"2025-01-14T16:20:07","slug":"cgv","status":"publish","type":"page","link":"https:\/\/c4waste.be\/index.php\/cgv\/","title":{"rendered":"CGV"},"content":{"rendered":"\n<p>Les conditions g\u00e9n\u00e9rales de ventes  sont t\u00e9l\u00e9chargeables<strong> <a href=\"https:\/\/c4waste.be\/wp-content\/uploads\/2025\/01\/FIC-ACT-012-Conditions-generales-250114.pdf\">en format PDF ICI<\/a><\/strong><\/p>\n","protected":false},"excerpt":{"rendered":"<p>Les conditions g\u00e9n\u00e9rales de ventes sont t\u00e9l\u00e9chargeables en format PDF ICI<\/p>\n","protected":false},"author":1,"featured_media":0,"parent":0,"menu_order":0,"comment_status":"closed","ping_status":"closed","template":"","meta":{"footnotes":""},"_links":{"self":[{"href":"https:\/\/c4waste.be\/index.php\/wp-json\/wp\/v2\/pages\/81"}],"collection":[{"href":"https:\/\/c4waste.be\/index.php\/wp-json\/wp\/v2\/pages"}],"about":[{"href":"https:\/\/c4waste.be\/index.php\/wp-json\/wp\/v2\/types\/page"}],"author":[{"embeddable":true,"href":"https:\/\/c4waste.be\/index.php\/wp-json\/wp\/v2\/users\/1"}],"replies":[{"embeddable":true,"href":"https:\/\/c4waste.be\/index.php\/wp-json\/wp\/v2\/comments?post=81"}],"version-history":[{"count":9,"href":"https:\/\/c4waste.be\/index.php\/wp-json\/wp\/v2\/pages\/81\/revisions"}],"predecessor-version":[{"id":311,"href":"https:\/\/c4waste.be\/index.php\/wp-json\/wp\/v2\/pages\/81\/revisions\/311"}],"wp:attachment":[{"href":"https:\/\/c4waste.be\/index.php\/wp-json\/wp\/v2\/media?parent=81"}],"curies":[{"name":"wp","href":"https:\/\/api.w.org\/{rel}","templated":true}]}}