{"id":73,"date":"2020-04-24T15:23:31","date_gmt":"2020-04-24T13:23:31","guid":{"rendered":"http:\/\/c4waste.be\/?page_id=73"},"modified":"2025-07-08T13:40:20","modified_gmt":"2025-07-08T11:40:20","slug":"autorisations","status":"publish","type":"page","link":"https:\/\/c4waste.be\/index.php\/autorisations\/","title":{"rendered":"Autorisations"},"content":{"rendered":"\n<p><strong>C4WASTE dispose des autorisations comme collecteur\/n\u00e9goce\/ courtier en d\u00e9chets dans  les R\u00e9gions et Pays suivants : <\/strong><\/p>\n\n\n\n<ul>\n<li>Enregistrement collecteur d\u00e9chets non dangereux en R\u00e9gion Wallonne <strong><a href=\"https:\/\/c4waste.be\/wp-content\/uploads\/2025\/07\/C4WASTE-enregistrement-non-dangereux-validite-300624.pdf\">T\u00e9l\u00e9chargez le PDF<\/a><\/strong><\/li>\n<\/ul>\n\n\n\n<ul>\n<li>Agr\u00e9ment collecteur d\u00e9chet dangereux en R\u00e9gion Wallonne   <a href=\"https:\/\/c4waste.be\/wp-content\/uploads\/2024\/03\/Agrement-C4WASTE-dechets-dangereux-240206-validite-5-ans.pdf\"><strong>T\u00e9l\u00e9chargez le PDF<\/strong><\/a><\/li>\n<\/ul>\n\n\n\n<ul>\n<li>Enregistrement collecteur d\u00e9chet non dangereux et dangereux en Flandre  OVAM  <a href=\"https:\/\/c4waste.be\/wp-content\/uploads\/2021\/07\/agr\u00e9ment-C4Waste-dangereux-non-dangereux-OVAM-modification-31-05-21.pdf\"><strong>T\u00e9l\u00e9chargez le PDF<\/strong><\/a><\/li>\n<\/ul>\n\n\n\n<ul>\n<li>Agr\u00e9ment comme n\u00e9goce de d\u00e9chets non dangereux et dangereux  au Grand Duch\u00e9 du Luxembourg <strong> <a href=\"https:\/\/c4waste.be\/wp-content\/uploads\/2024\/01\/231115-Gouvernement-du-grand-duche-de-Luxembourg.pdf\">T\u00e9l\u00e9charger le PDF <\/a><\/strong><\/li>\n<\/ul>\n\n\n\n<ul>\n<li>Enregistrement comme collecteur de d\u00e9chet non dangereux en R\u00e9gion Bruxelles capital   <a href=\"https:\/\/c4waste.be\/wp-content\/uploads\/2025\/06\/OUT_20250220_001959968_-Extrait.pdf\"><strong>T\u00e9l\u00e9chargez le PDF <\/strong><\/a> <\/li>\n<\/ul>\n\n\n\n<ul>\n<li>Certification durabilit\u00e9  directive RED II  : <a href=\"https:\/\/c4waste.be\/wp-content\/uploads\/2025\/01\/certificat-2BSvs-2030.pdf\">T\u00e9l\u00e9chargez le PDF ICI<\/a><\/li>\n<\/ul>\n","protected":false},"excerpt":{"rendered":"<p>C4WASTE dispose des autorisations comme collecteur\/n\u00e9goce\/ courtier en d\u00e9chets dans les R\u00e9gions et Pays suivants :<\/p>\n","protected":false},"author":1,"featured_media":0,"parent":0,"menu_order":0,"comment_status":"closed","ping_status":"closed","template":"","meta":{"footnotes":""},"_links":{"self":[{"href":"https:\/\/c4waste.be\/index.php\/wp-json\/wp\/v2\/pages\/73"}],"collection":[{"href":"https:\/\/c4waste.be\/index.php\/wp-json\/wp\/v2\/pages"}],"about":[{"href":"https:\/\/c4waste.be\/index.php\/wp-json\/wp\/v2\/types\/page"}],"author":[{"embeddable":true,"href":"https:\/\/c4waste.be\/index.php\/wp-json\/wp\/v2\/users\/1"}],"replies":[{"embeddable":true,"href":"https:\/\/c4waste.be\/index.php\/wp-json\/wp\/v2\/comments?post=73"}],"version-history":[{"count":27,"href":"https:\/\/c4waste.be\/index.php\/wp-json\/wp\/v2\/pages\/73\/revisions"}],"predecessor-version":[{"id":321,"href":"https:\/\/c4waste.be\/index.php\/wp-json\/wp\/v2\/pages\/73\/revisions\/321"}],"wp:attachment":[{"href":"https:\/\/c4waste.be\/index.php\/wp-json\/wp\/v2\/media?parent=73"}],"curies":[{"name":"wp","href":"https:\/\/api.w.org\/{rel}","templated":true}]}}