{"id":48,"date":"2020-04-24T11:55:36","date_gmt":"2020-04-24T09:55:36","guid":{"rendered":"http:\/\/c4waste.be\/?page_id=48"},"modified":"2022-09-27T11:53:29","modified_gmt":"2022-09-27T09:53:29","slug":"contact","status":"publish","type":"page","link":"https:\/\/c4waste.be\/index.php\/contact\/","title":{"rendered":"Contact"},"content":{"rendered":"<div class=\"wpforms-container wpforms-container-full wpforms-block\" id=\"wpforms-71\"><form id=\"wpforms-form-71\" class=\"wpforms-validate wpforms-form\" data-formid=\"71\" method=\"post\" enctype=\"multipart\/form-data\" action=\"\/index.php\/wp-json\/wp\/v2\/pages\/48\" data-token=\"0690a9b1809de3a0903202c901811367\"><noscript class=\"wpforms-error-noscript\">Veuillez activer JavaScript dans votre navigateur pour remplir ce formulaire.<\/noscript><div class=\"wpforms-field-container\"><div id=\"wpforms-71-field_0-container\" class=\"wpforms-field wpforms-field-name\" data-field-id=\"0\"><label class=\"wpforms-field-label\" for=\"wpforms-71-field_0\">Nom <span class=\"wpforms-required-label\">*<\/span><\/label><div class=\"wpforms-field-row wpforms-field-medium\"><div class=\"wpforms-field-row-block wpforms-first wpforms-one-half\"><input type=\"text\" id=\"wpforms-71-field_0\" class=\"wpforms-field-name-first wpforms-field-required\" name=\"wpforms[fields][0][first]\" required><label for=\"wpforms-71-field_0\" class=\"wpforms-field-sublabel after \">Pr\u00e9nom<\/label><\/div><div class=\"wpforms-field-row-block wpforms-one-half\"><input type=\"text\" id=\"wpforms-71-field_0-last\" class=\"wpforms-field-name-last wpforms-field-required\" name=\"wpforms[fields][0][last]\" required><label for=\"wpforms-71-field_0-last\" class=\"wpforms-field-sublabel after \">Nom<\/label><\/div><\/div><\/div><div id=\"wpforms-71-field_1-container\" class=\"wpforms-field wpforms-field-email\" data-field-id=\"1\"><label class=\"wpforms-field-label\" for=\"wpforms-71-field_1\">E-mail <span class=\"wpforms-required-label\">*<\/span><\/label><input type=\"email\" id=\"wpforms-71-field_1\" class=\"wpforms-field-medium wpforms-field-required\" name=\"wpforms[fields][1]\" spellcheck=\"false\" required><\/div><div id=\"wpforms-71-field_2-container\" class=\"wpforms-field wpforms-field-textarea\" data-field-id=\"2\"><label class=\"wpforms-field-label\" for=\"wpforms-71-field_2\">Commentaire ou message <span class=\"wpforms-required-label\">*<\/span><\/label><textarea id=\"wpforms-71-field_2\" class=\"wpforms-field-medium wpforms-field-required\" name=\"wpforms[fields][2]\" required><\/textarea><\/div><div id=\"wpforms-71-field_4-container\" class=\"wpforms-field wpforms-field-checkbox\" data-field-id=\"4\"><label class=\"wpforms-field-label\" for=\"wpforms-71-field_4\">RGPD (R\u00e8glement G\u00e9n\u00e9ral protection donn\u00e9es) <span class=\"wpforms-required-label\">*<\/span><\/label><ul id=\"wpforms-71-field_4\" class=\"wpforms-field-required\"><li class=\"choice-1 depth-1\"><input type=\"checkbox\" id=\"wpforms-71-field_4_1\" name=\"wpforms[fields][4][]\" value=\"J&#039;ai lu et j&#039;approuve la politique de confidentialit\u00e9\" required ><label class=\"wpforms-field-label-inline\" for=\"wpforms-71-field_4_1\">J&rsquo;ai lu et j&rsquo;approuve la politique de confidentialit\u00e9<\/label><\/li><\/ul><\/div><div id=\"wpforms-71-field_3-container\" class=\"wpforms-field wpforms-field-text\" data-field-id=\"3\"><label class=\"wpforms-field-label\" for=\"wpforms-71-field_3\">T\u00e9l\u00e9phone\/GSM<\/label><input type=\"text\" id=\"wpforms-71-field_3\" class=\"wpforms-field-medium\" name=\"wpforms[fields][3]\" ><\/div><\/div><!-- .wpforms-field-container --><div class=\"wpforms-field wpforms-field-hp\"><label for=\"wpforms-71-field-hp\" class=\"wpforms-field-label\">Message<\/label><input type=\"text\" name=\"wpforms[hp]\" id=\"wpforms-71-field-hp\" class=\"wpforms-field-medium\"><\/div><div class=\"wpforms-submit-container\" ><input type=\"hidden\" name=\"wpforms[id]\" value=\"71\"><input type=\"hidden\" name=\"wpforms[author]\" value=\"1\"><button type=\"submit\" name=\"wpforms[submit]\" id=\"wpforms-submit-71\" class=\"wpforms-submit\" data-alt-text=\"Envoi...\" data-submit-text=\"Envoyer\" aria-live=\"assertive\" value=\"wpforms-submit\">Envoyer<\/button><\/div><\/form><\/div>  <!-- .wpforms-container -->\n\n\n<p class=\"has-text-align-left\">Coordonn\u00e9es si\u00e8ge social<br>Rue du beau site N\u00b0 2<br>B 6032 Mont sur Marchienne<br>TVA: BE 0636909225<br>RPM Charleroi<br>BNP Paribas : BE 36 0017 9946 4881<br>BIC&nbsp;: GEBABEBB<\/p>\n\n\n\n<p class=\"has-text-align-left\">Marcel Cornil<br>GSM :  0032 479 34 40 50<br>Mail : <a href=\"mailto:mc@c4waste.be\" target=\"_blank\" rel=\"noreferrer noopener\">mc@c4waste.be<\/a><\/p>\n\n\n\n<p class=\"has-text-align-left\">Christian Cambroisier<br>GSM : 0032 471 62 3481<br>Mail : <a href=\"mailto:cc@c4waste.be\" target=\"_blank\" rel=\"noreferrer noopener\">cc@c4waste.be<\/a><\/p>\n\n\n\n<p class=\"has-text-align-left\">Mail  G\u00e9n\u00e9ral : <a rel=\"noreferrer noopener\" href=\"mailto:info@c4waste.be\" target=\"_blank\">info@c4waste.be<\/a><\/p>\n\n\n\n<p class=\"has-text-align-left\">Mail Secr\u00e9tariat &amp; Logistique :<br>GSM : 0032 (0)478 16 42 10<br> <a rel=\"noreferrer noopener\" href=\"mailto:logistique@c4waste.be\" data-type=\"mailto\" data-id=\"mailto:logistique@c4waste.be\" target=\"_blank\">logistique@c4waste.be<\/a><\/p>\n\n\n\n<p><\/p>\n","protected":false},"excerpt":{"rendered":"<p>Coordonn\u00e9es si\u00e8ge socialRue du beau site N\u00b0 2B 6032 Mont sur MarchienneTVA: BE 0636909225RPM CharleroiBNP Paribas : BE 36 0017 9946 4881BIC&nbsp;: GEBABEBB Marcel CornilGSM : 0032 479 34 40 50Mail : mc@c4waste.be Christian CambroisierGSM : 0032 471 62 3481Mail : cc@c4waste.be Mail G\u00e9n\u00e9ral : info@c4waste.be Mail Secr\u00e9tariat &amp; Logistique :GSM : 0032 (0)478 16 &hellip; <\/p>\n<p class=\"link-more\"><a href=\"https:\/\/c4waste.be\/index.php\/contact\/\" class=\"more-link\">Continuer la lecture<span class=\"screen-reader-text\"> de &laquo;&nbsp;Contact&nbsp;&raquo;<\/span><\/a><\/p>\n","protected":false},"author":1,"featured_media":0,"parent":0,"menu_order":0,"comment_status":"closed","ping_status":"closed","template":"","meta":{"footnotes":""},"_links":{"self":[{"href":"https:\/\/c4waste.be\/index.php\/wp-json\/wp\/v2\/pages\/48"}],"collection":[{"href":"https:\/\/c4waste.be\/index.php\/wp-json\/wp\/v2\/pages"}],"about":[{"href":"https:\/\/c4waste.be\/index.php\/wp-json\/wp\/v2\/types\/page"}],"author":[{"embeddable":true,"href":"https:\/\/c4waste.be\/index.php\/wp-json\/wp\/v2\/users\/1"}],"replies":[{"embeddable":true,"href":"https:\/\/c4waste.be\/index.php\/wp-json\/wp\/v2\/comments?post=48"}],"version-history":[{"count":12,"href":"https:\/\/c4waste.be\/index.php\/wp-json\/wp\/v2\/pages\/48\/revisions"}],"predecessor-version":[{"id":296,"href":"https:\/\/c4waste.be\/index.php\/wp-json\/wp\/v2\/pages\/48\/revisions\/296"}],"wp:attachment":[{"href":"https:\/\/c4waste.be\/index.php\/wp-json\/wp\/v2\/media?parent=48"}],"curies":[{"name":"wp","href":"https:\/\/api.w.org\/{rel}","templated":true}]}}