{"id":228,"date":"2020-04-29T14:23:14","date_gmt":"2020-04-29T12:23:14","guid":{"rendered":"https:\/\/c4waste.be\/?page_id=228"},"modified":"2022-01-05T11:25:57","modified_gmt":"2022-01-05T10:25:57","slug":"qse","status":"publish","type":"page","link":"https:\/\/c4waste.be\/index.php\/qse\/","title":{"rendered":"QSE"},"content":{"rendered":"\n<h1 class=\"wp-block-heading\">Qualit\u00e9<\/h1>\n\n\n\n<p>C4WASTE s&rsquo;inscrit dans un d\u00e9marche de qualit\u00e9 avec  la mise en oeuvre de son syst\u00e8me de Management .<\/p>\n\n\n\n<p>En 2021  C4WASTE  a obtenu la certification KBS  en Flandre (OVAM) . <\/p>\n\n\n\n<p>Audit r\u00e9alis\u00e9 par Lloyd\u2019s Register EMEA, Belgium le 12\/07\/2021<\/p>\n\n\n\n<p><\/p>\n\n\n\n<h1 class=\"wp-block-heading\">S\u00e9curit\u00e9<\/h1>\n\n\n\n<p>Monsieur Cornil conseiller en pr\u00e9vention de niveau 1 et titulaire d\u2019un permis B ADR a est le conseiller \u00e0 la s\u00e9curit\u00e9 pour le transport de marchandises dangereuses.<\/p>\n\n\n\n<p>Il s\u2019occupe plus particuli\u00e8rement de tout ce qui rel\u00e8ve des aspects s\u00e9curit\u00e9 particuli\u00e8rement au niveau de  la logistique et du  transport.<\/p>\n\n\n\n<h1 class=\"wp-block-heading\">Environnement<\/h1>\n\n\n\n<p>L&rsquo;environnement est au centre de notre m\u00e9tier et  de nos pr\u00e9occupations.<\/p>\n\n\n\n<p>Nous mettons tout en oeuvre pour offrir des solutions environnementales , r\u00e9alistes et \u00e9conomiques.  L&rsquo;\u00e9chelle de Lansink   est notre r\u00e9f\u00e9rence journali\u00e8re dans nos d\u00e9cisions.   <\/p>\n\n\n\n<figure class=\"wp-block-image size-large\"><img loading=\"lazy\" decoding=\"async\" width=\"581\" height=\"430\" src=\"https:\/\/c4waste.be\/wp-content\/uploads\/2020\/04\/\u00e9chelle-de-Lansink.jpg\" alt=\"\" class=\"wp-image-236\" srcset=\"https:\/\/c4waste.be\/wp-content\/uploads\/2020\/04\/\u00e9chelle-de-Lansink.jpg 581w, https:\/\/c4waste.be\/wp-content\/uploads\/2020\/04\/\u00e9chelle-de-Lansink-300x222.jpg 300w\" sizes=\"(max-width: 581px) 100vw, 581px\" \/><\/figure>\n","protected":false},"excerpt":{"rendered":"<p>Qualit\u00e9 C4WASTE s&rsquo;inscrit dans un d\u00e9marche de qualit\u00e9 avec la mise en oeuvre de son syst\u00e8me de Management . En 2021 C4WASTE a obtenu la certification KBS en Flandre (OVAM) . Audit r\u00e9alis\u00e9 par Lloyd\u2019s Register EMEA, Belgium le 12\/07\/2021 S\u00e9curit\u00e9 Monsieur Cornil conseiller en pr\u00e9vention de niveau 1 et titulaire d\u2019un permis B ADR &hellip; <\/p>\n<p class=\"link-more\"><a href=\"https:\/\/c4waste.be\/index.php\/qse\/\" class=\"more-link\">Continuer la lecture<span class=\"screen-reader-text\"> de &laquo;&nbsp;QSE&nbsp;&raquo;<\/span><\/a><\/p>\n","protected":false},"author":1,"featured_media":0,"parent":0,"menu_order":0,"comment_status":"closed","ping_status":"closed","template":"","meta":{"footnotes":""},"_links":{"self":[{"href":"https:\/\/c4waste.be\/index.php\/wp-json\/wp\/v2\/pages\/228"}],"collection":[{"href":"https:\/\/c4waste.be\/index.php\/wp-json\/wp\/v2\/pages"}],"about":[{"href":"https:\/\/c4waste.be\/index.php\/wp-json\/wp\/v2\/types\/page"}],"author":[{"embeddable":true,"href":"https:\/\/c4waste.be\/index.php\/wp-json\/wp\/v2\/users\/1"}],"replies":[{"embeddable":true,"href":"https:\/\/c4waste.be\/index.php\/wp-json\/wp\/v2\/comments?post=228"}],"version-history":[{"count":8,"href":"https:\/\/c4waste.be\/index.php\/wp-json\/wp\/v2\/pages\/228\/revisions"}],"predecessor-version":[{"id":278,"href":"https:\/\/c4waste.be\/index.php\/wp-json\/wp\/v2\/pages\/228\/revisions\/278"}],"wp:attachment":[{"href":"https:\/\/c4waste.be\/index.php\/wp-json\/wp\/v2\/media?parent=228"}],"curies":[{"name":"wp","href":"https:\/\/api.w.org\/{rel}","templated":true}]}}