{"id":136,"date":"2020-04-27T16:43:13","date_gmt":"2020-04-27T14:43:13","guid":{"rendered":"http:\/\/c4waste.be\/?page_id=136"},"modified":"2020-04-28T14:36:53","modified_gmt":"2020-04-28T12:36:53","slug":"rgpd","status":"publish","type":"page","link":"https:\/\/c4waste.be\/index.php\/rgpd\/","title":{"rendered":"RGPD"},"content":{"rendered":"\n<h1 class=\"wp-block-heading\"><strong>Qui sommes-nous&nbsp;?<\/strong><\/h1>\n\n\n\n<div class=\"wp-block-group\"><div class=\"wp-block-group__inner-container is-layout-flow wp-block-group-is-layout-flow\">\n<p>C4WASTE est  une SRL  sp\u00e9cialis\u00e9e dans l&rsquo;environnement et plus particuli\u00e8rement dans la collecte des d\u00e9chets industriels.<br>Notre si\u00e8ge social est situ\u00e9 \u00e0 l&rsquo;adresse suivante :<br>Rue du beau site N\u00b02  \u00e0 6032 Mont Sur Marchienne <\/p>\n<\/div><\/div>\n\n\n\n<p>L\u2019adresse de notre site Web est&nbsp;: https:\/\/c4waste.be.<\/p>\n\n\n\n<p>Le responsable interne \u00e0 C4WASTE de la protection des donn\u00e9s est Christian Cambroisier<\/p>\n\n\n\n<h1 class=\"wp-block-heading\"><strong>Utilisation des donn\u00e9es personnelles collect\u00e9es  par ce site ou par d&rsquo;autres moyens de communication<\/strong>.<\/h1>\n\n\n\n<p>Les informations personnelles vous concernant dont nous disposons sont&nbsp;susceptibles d\u2019inclure : pr\u00e9nom, nom de famille, adresse e-mail, num\u00e9ro de t\u00e9l\u00e9phone, soci\u00e9t\u00e9 li\u00e9e et adresse professionnelle le cas \u00e9ch\u00e9ant, adresse personnelle si vous nous l\u2019avez communiqu\u00e9e.<\/p>\n\n\n\n<p>C4WASTE respecte le R\u00e8glement G\u00e9n\u00e9ral sur la Protection des Donn\u00e9es.&nbsp; Nous nous engageons donc \u00e0 vous informer en toute transparence de l\u2019usage que nous faisons de vos donn\u00e9es personnelles, et \u00e0 ne pas transf\u00e9rer celles-ci \u00e0 des tiers, sauf dans le cadre des besoins li\u00e9s aux missions que vous nous confiez.<\/p>\n\n\n\n<p>En outre, nous sommes susceptibles d\u2019utiliser ces donn\u00e9es pour&nbsp;:<\/p>\n\n\n\n<div class=\"wp-block-group\"><div class=\"wp-block-group__inner-container is-layout-flow wp-block-group-is-layout-flow\">\n<ul><li>Vous transmettre des informations li\u00e9es \u00e0 nos activit\u00e9s de services<\/li><\/ul>\n\n\n\n<ul><li> Vous transmettre des informations relatives \u00e0 notre soci\u00e9t\u00e9,<\/li><\/ul>\n\n\n\n<ul><li>vous envoyer des invitations \u00e0 un \u00e9v\u00e9nement que nous organisons.<\/li><\/ul>\n<\/div><\/div>\n\n\n\n<p>Vous pouvez \u00e0 tout moment nous demander de consulter, mettre \u00e0 jour, ou supprimer des donn\u00e9es personnelles vous concernant, par simple e-mail \u00e0 l\u2019adresse suivante\u00a0: <a href=\"mailto:Info@c4waste.be\">Info@c4waste.be<\/a><\/p>\n\n\n\n<h1 class=\"wp-block-heading\"><strong>Protection de l&rsquo;enregistrement  de vos donn\u00e9es personnelles<\/strong><\/h1>\n\n\n\n<p>Le syst\u00e8me de gestion des donn\u00e9es de C4WASTE  est  h\u00e9berg\u00e9 sur un \u00ab\u00a0Cloud\u00a0\u00bb professionnel  \u00ab\u00a0Google suite \u00a0\u00bb prot\u00e9g\u00e9 et s\u00e9curis\u00e9  par mot de passe accessible uniquement au personnel de C4WASTE<\/p>\n\n\n\n<p>Vos donn\u00e9es personnelles sont enregistr\u00e9es  dans un  fichier  contacts clients  se trouvant  sur  \u00a0\u00bb Google drive\u00a0\u00bb  et dans  \u00ab\u00a0Google contact\u00a0\u00bb <\/p>\n\n\n\n<h1 class=\"wp-block-heading\"><strong>Protection de vos donn\u00e9es sp\u00e9cifique \u00e0 l&rsquo;usage de ce site internet <\/strong><\/h1>\n\n\n\n<p>Ce site  internet est h\u00e9berg\u00e9 chez   OVH  qui est un H\u00e9bergeur professionnel et r\u00e9put\u00e9 qui applique \u00e9galement le RGPD.<\/p>\n\n\n\n<p>Vous trouverez plus d&rsquo;informations sur  : <a href=\"https:\/\/www.ovh.com\/fr\/protection-donnees-personnelles\/gdpr.xml\">https:\/\/www.ovh.com\/fr\/protection-donnees-personnelles\/gdpr.xml<\/a><\/p>\n\n\n\n<h3 class=\"wp-block-heading\">Commentaires<\/h3>\n\n\n\n<p>Quand vous laissez un commentaire sur notre site web, les donn\u00e9es inscrites dans le formulaire de commentaire, mais aussi votre adresse IP et l\u2019agent utilisateur de votre navigateur sont collect\u00e9s pour nous aider \u00e0 la d\u00e9tection des commentaires ind\u00e9sirables.<\/p>\n\n\n\n<p>Une cha\u00eene anonymis\u00e9e cr\u00e9\u00e9e \u00e0 partir de votre adresse de messagerie (\u00e9galement appel\u00e9e hash) peut \u00eatre envoy\u00e9e au service Gravatar pour v\u00e9rifier si vous utilisez ce dernier. Les clauses de confidentialit\u00e9 du service Gravatar sont disponibles ici&nbsp;: https:\/\/automattic.com\/privacy\/. Apr\u00e8s validation de votre commentaire, votre photo de profil sera visible publiquement \u00e0 cot\u00e9 de votre commentaire.<\/p>\n\n\n\n<h3 class=\"wp-block-heading\">M\u00e9dias<\/h3>\n\n\n\n<p>Si vous \u00eates un utilisateur ou une utilisatrice enregistr\u00e9\u00b7e et que vous t\u00e9l\u00e9versez des images sur le site web, nous vous conseillons d\u2019\u00e9viter de t\u00e9l\u00e9verser des images contenant des donn\u00e9es EXIF de coordonn\u00e9es GPS. Les visiteurs de votre site web peuvent t\u00e9l\u00e9charger et extraire des donn\u00e9es de localisation depuis ces images.<\/p>\n\n\n\n<h3 class=\"wp-block-heading\">Formulaires de contact<\/h3>\n\n\n\n<p>Nous enregistrons uniquement les coordonn\u00e9es suivantes : Nom ,pr\u00e9nom, N\u00b0 t\u00e9l\u00e9phone et adresse mail  dans l&rsquo;unique but de vous contacter dans le cadre de nos activit\u00e9s de service.<\/p>\n\n\n\n<h3 class=\"wp-block-heading\">Cookies<\/h3>\n\n\n\n<p>Si vous d\u00e9posez un commentaire sur notre site, il vous sera propos\u00e9 d\u2019enregistrer votre nom, adresse de messagerie et site web dans des cookies. C\u2019est uniquement pour votre confort afin de ne pas avoir \u00e0 saisir ces informations si vous d\u00e9posez un autre commentaire plus tard. Ces cookies expirent au bout d\u2019un an.<\/p>\n\n\n\n<p>Si vous vous rendez sur la page de connexion, un cookie temporaire sera cr\u00e9\u00e9 afin de d\u00e9terminer si votre navigateur accepte les cookies. Il ne contient pas de donn\u00e9es personnelles et sera supprim\u00e9 automatiquement \u00e0 la fermeture de votre navigateur.<\/p>\n\n\n\n<p>Lorsque vous vous connecterez, nous mettrons en place un certain nombre de cookies pour enregistrer vos informations de connexion et vos pr\u00e9f\u00e9rences d\u2019\u00e9cran. La dur\u00e9e de vie d\u2019un cookie de connexion est de deux jours, celle d\u2019un cookie d\u2019option d\u2019\u00e9cran est d\u2019un an. Si vous cochez \u00ab&nbsp;Se souvenir de moi&nbsp;\u00bb, votre cookie de connexion sera conserv\u00e9 pendant deux semaines. Si vous vous d\u00e9connectez de votre compte, le cookie de connexion sera effac\u00e9.<\/p>\n\n\n\n<p>En modifiant ou en publiant une publication, un cookie suppl\u00e9mentaire sera enregistr\u00e9 dans votre navigateur. Ce cookie ne comprend aucune donn\u00e9e personnelle. Il indique simplement l\u2019ID de la publication que vous venez de modifier. Il expire au bout d\u2019un jour.<\/p>\n\n\n\n<h3 class=\"wp-block-heading\">Contenu embarqu\u00e9 depuis d\u2019autres sites<\/h3>\n\n\n\n<p>Les articles de ce site peuvent inclure des contenus int\u00e9gr\u00e9s (par exemple des vid\u00e9os, images, articles\u2026). Le contenu int\u00e9gr\u00e9 depuis d\u2019autres sites se comporte de la m\u00eame mani\u00e8re que si le visiteur se rendait sur cet autre site.<\/p>\n\n\n\n<p>Ces sites web pourraient collecter des donn\u00e9es sur vous, utiliser des cookies, embarquer des outils de suivis tiers, suivre vos interactions avec ces contenus embarqu\u00e9s si vous disposez d\u2019un compte connect\u00e9 sur leur site web.<\/p>\n\n\n\n<h3 class=\"wp-block-heading\">Statistiques et mesures d\u2019audience<\/h3>\n\n\n\n<p>Ce site n&rsquo;est pas  \u00e9quip\u00e9   de logiciel de statistique et de mesure d&rsquo;audience<\/p>\n\n\n\n<h3 class=\"wp-block-heading\">Dur\u00e9es de stockage de vos donn\u00e9es<\/h3>\n\n\n\n<p>Si vous laissez un commentaire, le commentaire et ses m\u00e9tadonn\u00e9es sont conserv\u00e9s ind\u00e9finiment. Cela permet de reconna\u00eetre et approuver automatiquement les commentaires suivants au lieu de les laisser dans la file de mod\u00e9ration.<\/p>\n\n\n\n<p>Pour les utilisateurs et utilisatrices qui s\u2019enregistrent sur notre site (si cela est possible), nous stockons \u00e9galement les donn\u00e9es personnelles indiqu\u00e9es dans leur profil. Tous les utilisateurs et utilisatrices peuvent voir, modifier ou supprimer leurs informations personnelles \u00e0 tout moment (\u00e0 l\u2019exception de leur nom d\u2019utilisateur\u00b7ice). Les gestionnaires du site peuvent aussi voir et modifier ces informations.<\/p>\n\n\n\n<h3 class=\"wp-block-heading\">Les droits que vous avez sur vos donn\u00e9es<\/h3>\n\n\n\n<p>Si vous avez un compte ou si vous avez laiss\u00e9 des commentaires sur le site, vous pouvez demander \u00e0 recevoir un fichier contenant toutes les donn\u00e9es personnelles que nous poss\u00e9dons \u00e0 votre sujet, incluant celles que vous nous avez fournies. Vous pouvez \u00e9galement demander la suppression des donn\u00e9es personnelles vous concernant. Cela ne prend pas en compte les donn\u00e9es stock\u00e9es \u00e0 des fins administratives, l\u00e9gales ou pour des raisons de s\u00e9curit\u00e9.<\/p>\n\n\n\n<p><\/p>\n","protected":false},"excerpt":{"rendered":"<p>Qui sommes-nous&nbsp;? C4WASTE est une SRL sp\u00e9cialis\u00e9e dans l&rsquo;environnement et plus particuli\u00e8rement dans la collecte des d\u00e9chets industriels.Notre si\u00e8ge social est situ\u00e9 \u00e0 l&rsquo;adresse suivante :Rue du beau site N\u00b02 \u00e0 6032 Mont Sur Marchienne L\u2019adresse de notre site Web est&nbsp;: https:\/\/c4waste.be. Le responsable interne \u00e0 C4WASTE de la protection des donn\u00e9s est Christian Cambroisier &hellip; <\/p>\n<p class=\"link-more\"><a href=\"https:\/\/c4waste.be\/index.php\/rgpd\/\" class=\"more-link\">Continuer la lecture<span class=\"screen-reader-text\"> de &laquo;&nbsp;RGPD&nbsp;&raquo;<\/span><\/a><\/p>\n","protected":false},"author":1,"featured_media":0,"parent":0,"menu_order":0,"comment_status":"closed","ping_status":"closed","template":"","meta":{"footnotes":""},"_links":{"self":[{"href":"https:\/\/c4waste.be\/index.php\/wp-json\/wp\/v2\/pages\/136"}],"collection":[{"href":"https:\/\/c4waste.be\/index.php\/wp-json\/wp\/v2\/pages"}],"about":[{"href":"https:\/\/c4waste.be\/index.php\/wp-json\/wp\/v2\/types\/page"}],"author":[{"embeddable":true,"href":"https:\/\/c4waste.be\/index.php\/wp-json\/wp\/v2\/users\/1"}],"replies":[{"embeddable":true,"href":"https:\/\/c4waste.be\/index.php\/wp-json\/wp\/v2\/comments?post=136"}],"version-history":[{"count":13,"href":"https:\/\/c4waste.be\/index.php\/wp-json\/wp\/v2\/pages\/136\/revisions"}],"predecessor-version":[{"id":220,"href":"https:\/\/c4waste.be\/index.php\/wp-json\/wp\/v2\/pages\/136\/revisions\/220"}],"wp:attachment":[{"href":"https:\/\/c4waste.be\/index.php\/wp-json\/wp\/v2\/media?parent=136"}],"curies":[{"name":"wp","href":"https:\/\/api.w.org\/{rel}","templated":true}]}}