{"id":111,"date":"2020-04-24T17:00:34","date_gmt":"2020-04-24T15:00:34","guid":{"rendered":"http:\/\/c4waste.be\/?page_id=111"},"modified":"2020-04-28T11:44:42","modified_gmt":"2020-04-28T09:44:42","slug":"services","status":"publish","type":"page","link":"https:\/\/c4waste.be\/index.php\/services\/","title":{"rendered":"Services"},"content":{"rendered":"\n<h2 class=\"has-text-align-left wp-block-heading\"><u><strong> Notre savoir faire ,  notre m\u00e9thode de travail<\/strong><\/u><\/h2>\n\n\n\n<ul><li>Analyse et conseils  avant la phase de production industrielle.<br><\/li><li>Tri de d\u00e9chets sur site, prise d\u2019\u00e9chantillons, visualisation de concept.<br><\/li><li>Analyses du d\u00e9chet , d\u00e9termination de la composition avec le client.<br><\/li><li>Choix du code Eural.<br><\/li><li>Recherche et proposition de fili\u00e8res \u00e9conomiques et environnementales.<br><\/li><li>Gestion de dossiers transfrontaliers.<br><\/li><li>Organisation de la logistique des transports, gestion des enl\u00e8vements.<br><\/li><li>Suivi  administratif  jusqu&rsquo;\u00e0 l&rsquo;\u00e9limination finale<\/li><\/ul>\n\n\n\n<figure class=\"wp-block-image size-large\"><img loading=\"lazy\" decoding=\"async\" width=\"500\" height=\"375\" src=\"https:\/\/c4waste.be\/wp-content\/uploads\/2020\/04\/DSCN7227.jpg\" alt=\"\" class=\"wp-image-192\" srcset=\"https:\/\/c4waste.be\/wp-content\/uploads\/2020\/04\/DSCN7227.jpg 500w, https:\/\/c4waste.be\/wp-content\/uploads\/2020\/04\/DSCN7227-300x225.jpg 300w\" sizes=\"(max-width: 500px) 100vw, 500px\" \/><\/figure>\n\n\n\n<div class=\"wp-block-image\"><figure class=\"alignleft size-large\"><img loading=\"lazy\" decoding=\"async\" width=\"500\" height=\"375\" src=\"https:\/\/c4waste.be\/wp-content\/uploads\/2020\/04\/DSCN7229-1.jpg\" alt=\"\" class=\"wp-image-194\" srcset=\"https:\/\/c4waste.be\/wp-content\/uploads\/2020\/04\/DSCN7229-1.jpg 500w, https:\/\/c4waste.be\/wp-content\/uploads\/2020\/04\/DSCN7229-1-300x225.jpg 300w\" sizes=\"(max-width: 500px) 100vw, 500px\" \/><\/figure><\/div>\n","protected":false},"excerpt":{"rendered":"<p>Notre savoir faire , notre m\u00e9thode de travail Analyse et conseils avant la phase de production industrielle. Tri de d\u00e9chets sur site, prise d\u2019\u00e9chantillons, visualisation de concept. Analyses du d\u00e9chet , d\u00e9termination de la composition avec le client. Choix du code Eural. Recherche et proposition de fili\u00e8res \u00e9conomiques et environnementales. Gestion de dossiers transfrontaliers. Organisation &hellip; <\/p>\n<p class=\"link-more\"><a href=\"https:\/\/c4waste.be\/index.php\/services\/\" class=\"more-link\">Continuer la lecture<span class=\"screen-reader-text\"> de &laquo;&nbsp;Services&nbsp;&raquo;<\/span><\/a><\/p>\n","protected":false},"author":1,"featured_media":0,"parent":0,"menu_order":0,"comment_status":"closed","ping_status":"closed","template":"","meta":{"footnotes":""},"_links":{"self":[{"href":"https:\/\/c4waste.be\/index.php\/wp-json\/wp\/v2\/pages\/111"}],"collection":[{"href":"https:\/\/c4waste.be\/index.php\/wp-json\/wp\/v2\/pages"}],"about":[{"href":"https:\/\/c4waste.be\/index.php\/wp-json\/wp\/v2\/types\/page"}],"author":[{"embeddable":true,"href":"https:\/\/c4waste.be\/index.php\/wp-json\/wp\/v2\/users\/1"}],"replies":[{"embeddable":true,"href":"https:\/\/c4waste.be\/index.php\/wp-json\/wp\/v2\/comments?post=111"}],"version-history":[{"count":12,"href":"https:\/\/c4waste.be\/index.php\/wp-json\/wp\/v2\/pages\/111\/revisions"}],"predecessor-version":[{"id":206,"href":"https:\/\/c4waste.be\/index.php\/wp-json\/wp\/v2\/pages\/111\/revisions\/206"}],"wp:attachment":[{"href":"https:\/\/c4waste.be\/index.php\/wp-json\/wp\/v2\/media?parent=111"}],"curies":[{"name":"wp","href":"https:\/\/api.w.org\/{rel}","templated":true}]}}